{"id":7228,"date":"2024-05-28T10:18:06","date_gmt":"2024-05-28T10:18:06","guid":{"rendered":"https:\/\/gripens.com\/produkt\/gripens-kompani-sorggardin-ryggmotiv-oversized-heavy-t-shirt\/"},"modified":"2026-05-13T01:26:17","modified_gmt":"2026-05-13T01:26:17","slug":"gripens-kompani-sorggardin-ryggmotiv-oversized-heavy-t-shirt","status":"publish","type":"product","link":"https:\/\/gripens.com\/en\/product\/gripens-kompani-sorggardin-ryggmotiv-oversized-heavy-t-shirt\/","title":{"rendered":"Gripens Kompani Sorggardin Ryggmotiv &#8211; Oversized Heavy T-shirt"},"content":{"rendered":"<p>Hutta p\u00e5 dig denna feta tisha med v\u00e5r k\u00e4ra grip p\u00e5 ditt v\u00e4nstra br\u00f6st, och en modern Malm\u00f6-illustration p\u00e5 ryggen. Med andra ord, visa att ditt hj\u00e4rta \u00e4r himmelsbl\u00e5tt s\u00e5 det r\u00e4cker och blir \u00f6ver. Perfekt f\u00f6r alla Malm\u00f6-fans som vill sticka ut fr\u00e5n m\u00e4ngden och visa sin obestridda k\u00e4rlek till mesta m\u00e4starna.<\/p>\n\n\n\n<p><strong>Produktdetaljer:<\/strong><\/p>\n\n\n\n<ul class=\"wp-block-list\">\n<li><strong>Material:<\/strong>\u00a0100% ekologisk kammad bomull med 190 g\/m2 \u2013 en modern, stor, och lite mer kvalitativ T-shirt helt enkelt.<\/li>\n\n\n\n<li><strong>Passform:<\/strong> Finns i alla storlekar fr\u00e5n XS till 2XL, s\u00e5 den passar stora bj\u00e4ssar som sm\u00e5 glyttar.<\/li>\n\n\n\n<li><strong>F\u00e4rg:<\/strong> Urtv\u00e4ttat denimbl\u00e5 T-shirt med gripen-motivet i mestadels ljust himmelsbl\u00e5tt p\u00e5 v\u00e4nster br\u00f6st, och en mestadels m\u00f6rkbl\u00e5 illustration p\u00e5 ryggen med himmelsbl\u00e5 detaljer.<\/li>\n<\/ul>\n\n\n\n<p><strong>Varf\u00f6r v\u00e5r Malm\u00f6-tisha?<\/strong><\/p>\n\n\n\n<ul class=\"wp-block-list\">\n<li><strong>Malm\u00f6itisk Design:<\/strong> En unik design fr\u00e5n Malm\u00f6 som g\u00e5r r\u00e4tt in i sj\u00e4len.\u00a0<\/li>\n\n\n\n<li><strong>Komfort:<\/strong> Bomull som andas, perfekt f\u00f6r b\u00e5de matchdag och vardag.<\/li>\n\n\n\n<li><strong>Supporta Ditt Lag:<\/strong> Visa att inget kan ta bort din passion f\u00f6r di bl\u00e5e.<\/li>\n<\/ul>\n\n\n\n<p><strong>Perfekt f\u00f6r:<\/strong><\/p>\n\n\n\n<ul class=\"wp-block-list\">\n<li><strong>Matchdagar:<\/strong> Grymt val f\u00f6r att heja fram iff-iff p\u00e5 stadion eller framf\u00f6r TVn.<\/li>\n\n\n\n<li><strong>Presenter:<\/strong> En klockren g\u00e5va till alla Malm\u00f6-fans.<\/li>\n\n\n\n<li><strong>Vardagsstil:<\/strong> Funkar lika bra till jeans eller shorts f\u00f6r en avslappnad och trendig vardagslook.<\/li>\n<\/ul>\n\n\n\n<p>F\u00f6r att sammanfatta s\u00e5 \u00e4r detta en modern t-shirt i lite tyngre tyg och med en l\u00f6st sittande passform.<\/p>\n\n\n\n<p>Tr\u00f6jan \u00e4r tillverkad f\u00f6r att minska mij\u00f6p\u00e5verkan med 100 % ekologisk bomull och har f\u00f6ljande certifieringar:<\/p>\n\n\n\n<figure class=\"wp-block-image\"><img decoding=\"async\" src=\"https:\/\/texprint.se\/images\/pictures\/content\/content-for-products\/organic_footer_480x480.png?v=7e0b122e\" alt=\"Certifications & memberships\"\/><\/figure>","protected":false},"excerpt":{"rendered":"<p>Hutta p\u00e5 dig denna feta tisha med v\u00e5r k\u00e4ra grip p\u00e5 ditt v\u00e4nstra br\u00f6st, och en modern Malm\u00f6-illustration p\u00e5 ryggen. Med andra ord, visa att ditt hj\u00e4rta \u00e4r himmelsbl\u00e5tt s\u00e5 det r\u00e4cker och blir \u00f6ver. Perfekt f\u00f6r alla Malm\u00f6-fans som vill sticka ut fr\u00e5n m\u00e4ngden och visa sin obestridda k\u00e4rlek till mesta m\u00e4starna. Produktdetaljer: Varf\u00f6r [&hellip;]<\/p>\n","protected":false},"featured_media":7229,"comment_status":"open","ping_status":"closed","template":"","meta":[],"product_brand":[],"product_cat":[15,46],"product_tag":[],"class_list":{"0":"post-7228","1":"product","2":"type-product","3":"status-publish","4":"has-post-thumbnail","6":"product_cat-blandat","7":"product_cat-t-shirts","9":"first","10":"instock","11":"taxable","12":"shipping-taxable","13":"purchasable","14":"product-type-variable"},"_links":{"self":[{"href":"https:\/\/gripens.com\/en\/wp-json\/wp\/v2\/product\/7228","targetHints":{"allow":["GET"]}}],"collection":[{"href":"https:\/\/gripens.com\/en\/wp-json\/wp\/v2\/product"}],"about":[{"href":"https:\/\/gripens.com\/en\/wp-json\/wp\/v2\/types\/product"}],"replies":[{"embeddable":true,"href":"https:\/\/gripens.com\/en\/wp-json\/wp\/v2\/comments?post=7228"}],"wp:featuredmedia":[{"embeddable":true,"href":"https:\/\/gripens.com\/en\/wp-json\/wp\/v2\/media\/7229"}],"wp:attachment":[{"href":"https:\/\/gripens.com\/en\/wp-json\/wp\/v2\/media?parent=7228"}],"wp:term":[{"taxonomy":"product_brand","embeddable":true,"href":"https:\/\/gripens.com\/en\/wp-json\/wp\/v2\/product_brand?post=7228"},{"taxonomy":"product_cat","embeddable":true,"href":"https:\/\/gripens.com\/en\/wp-json\/wp\/v2\/product_cat?post=7228"},{"taxonomy":"product_tag","embeddable":true,"href":"https:\/\/gripens.com\/en\/wp-json\/wp\/v2\/product_tag?post=7228"}],"curies":[{"name":"wp","href":"https:\/\/api.w.org\/{rel}","templated":true}]}}