{"id":7592,"date":"2025-05-20T10:52:03","date_gmt":"2025-05-20T10:52:03","guid":{"rendered":"https:\/\/gripens.com\/produkt\/malmo-i-soluppgang-huvtroja-hoodie-unisex-gripens-kompani\/"},"modified":"2026-05-13T00:43:47","modified_gmt":"2026-05-13T00:43:47","slug":"malmo-i-soluppgang-huvtroja-hoodie-unisex-gripens-kompani","status":"publish","type":"product","link":"https:\/\/gripens.com\/en\/product\/malmo-i-soluppgang-huvtroja-hoodie-unisex-gripens-kompani\/","title":{"rendered":"Malm\u00f6 i Soluppg\u00e5ng \u2013 Marinbl\u00e5 Huvtr\u00f6ja\/Hoodie"},"content":{"rendered":"<div><\/div>\n<div>Ta en tripp fr\u00e5n gamla tider till nya dar med denna  l\u00e5ng\u00e4rmade huvtr\u00f6jan\/hoodien som f\u00e5ngar moderna Malm\u00f6 i en retroinspirerad soluppg\u00e5ng<\/div>\n<div>\n<p>En tjock, h\u00e5llbar och\u00a0slitstark Malm\u00f6-hoodie som kommer h\u00e5lla i m\u00e5nga \u00e5r fram\u00f6ver. Passar i princip alla vardagliga tillf\u00e4llen.<\/p>\n<\/p>\n<p>Perfekt f\u00f6r Malm\u00f6-supportern, gammal som ung.<\/p>\n<h3>Perfekt f\u00f6r:<\/h3>\n<ul>\n<li><strong>Vardagschill:<\/strong> Funkar lika bra med jeans, mjukis, shorts eller bara som du \u00e4r.<\/li>\n<li><strong>Stads\u00e4ventyr:<\/strong> Perfekt f\u00f6r en \u00f6l p\u00e5 M\u00f6llan, en picknick i Pildammsparken, eller en redig sv\u00e4ng p\u00e5 stan.<\/li>\n<li><strong>Present:<\/strong> En klockren g\u00e5va till alla som \u00e4lskar Malm\u00f6.<\/li>\n<\/ul>\n<p>Hoodien har en normal till n\u00e5got l\u00f6st sittande passform, vill man ha en oversized-stil s\u00e5 k\u00f6r 1-2 storlekar upp.<\/p>\n<\/div>\n<ul>\n<li> Detta \u00e4r en hoodie i tyngre tyg, tillverkad av en mjuk blandning av 50% bomull och 50% polyester.<\/li>\n<li>Dubbelfodrad huva med matchande dragsko.<\/li>\n<li>Tygets luftspunna garn ger en mjukare k\u00e4nsla och minskar noppor.<\/li>\n<li>Med munkficka framtill, ribbstickade muddar och stretchig nederkant.<\/li>\n<li>F\u00e4rg: French Navy (Marinbl\u00e5)<\/li>\n<\/ul>\n<p><strong>Storleksguide<\/strong><\/p>\n<table>\n<tbody>\n<tr>\n<td>\u00a0<\/td>\n<td><strong>S<\/strong><\/td>\n<td><strong>M<\/strong><\/td>\n<td><strong>L<\/strong><\/td>\n<td><strong>XL<\/strong><\/td>\n<td><strong>2XL<\/strong><\/td>\n<td><strong>3XL<\/strong><\/td>\n<td><strong>4XL<\/strong><\/td>\n<td><strong>5XL<\/strong><\/td>\n<\/tr>\n<tr>\n<td><strong>A) L\u00e4ngd (cm)<\/strong><\/td>\n<td>68.6<\/td>\n<td>71.1<\/td>\n<td>73.7<\/td>\n<td>76.2<\/td>\n<td>78.7<\/td>\n<td>81.3<\/td>\n<td>84<\/td>\n<td>86<\/td>\n<\/tr>\n<tr>\n<td><strong>B) Bredd (cm)<\/strong><\/td>\n<td>101.6<\/td>\n<td>111.8<\/td>\n<td>122<\/td>\n<td>132<\/td>\n<td>142.2<\/td>\n<td>152.4<\/td>\n<td>162<\/td>\n<td>172<\/td>\n<\/tr>\n<tr>\n<td><strong>B) Halva br\u00f6stet (cm)<\/strong><\/td>\n<td>50.8<\/td>\n<td>55.9<\/td>\n<td>61<\/td>\n<td>66<\/td>\n<td>71.1<\/td>\n<td>76.2<\/td>\n<td>81<\/td>\n<td>86<\/td>\n<\/tr>\n<tr>\n<td><strong>C) \u00c4rml\u00e4ngd (cm)<\/strong><\/td>\n<td>85.1<\/td>\n<td>87.6<\/td>\n<td>90.2<\/td>\n<td>92.7<\/td>\n<td>95.3<\/td>\n<td>97.8<\/td>\n<td>100<\/td>\n<td>103<\/td>\n<\/tr>\n<\/tbody>\n<\/table>\n<table>\n<tbody>\n<tr>\n<td>\u00a0<\/td>\n<td><strong>S<\/strong><\/td>\n<td><strong>M<\/strong><\/td>\n<td><strong>L<\/strong><\/td>\n<td><strong>XL<\/strong><\/td>\n<td><strong>2XL<\/strong><\/td>\n<td><strong>3XL<\/strong><\/td>\n<td><strong>4XL<\/strong><\/td>\n<td><strong>5XL<\/strong><\/td>\n<\/tr>\n<tr>\n<td><strong>A) L\u00e4ngd (tum)<\/strong><\/td>\n<td>27<\/td>\n<td>28<\/td>\n<td>29<\/td>\n<td>30<\/td>\n<td>31<\/td>\n<td>32<\/td>\n<td>33.1<\/td>\n<td>33.9<\/td>\n<\/tr>\n<tr>\n<td><strong>B) Bredd (tum)<\/strong><\/td>\n<td>40<\/td>\n<td>44<\/td>\n<td>48<\/td>\n<td>52<\/td>\n<td>56<\/td>\n<td>60<\/td>\n<td>63.8<\/td>\n<td>67.7<\/td>\n<\/tr>\n<tr>\n<td><strong>B) Halva br\u00f6stet (tum)<\/strong><\/td>\n<td>20<\/td>\n<td>22<\/td>\n<td>24<\/td>\n<td>26<\/td>\n<td>28<\/td>\n<td>30<\/td>\n<td>31.9<\/td>\n<td>33.9<\/td>\n<\/tr>\n<tr>\n<td><strong>C) \u00c4rml\u00e4ngd (tum)<\/strong><\/td>\n<td>33.5<\/td>\n<td>34.5<\/td>\n<td>35.5<\/td>\n<td>36.5<\/td>\n<td>37.5<\/td>\n<td>38.5<\/td>\n<td>39.4<\/td>\n<td>40.6<\/td>\n<\/tr>\n<\/tbody>\n<\/table>\n<p><strong>Sk\u00f6tselr\u00e5d<\/strong><\/p>\n<table>\n<tbody>\n<tr>\n<td>Allm\u00e4nt<\/td>\n<td>Gildan 18500 hoodie \u00e4r k\u00e4nd f\u00f6r sin robusta tygblandning, komfort och m\u00e5ngsidighet, vilket g\u00f6r den till ett popul\u00e4rt val f\u00f6r massbest\u00e4llningar och anpassad design.<\/td>\n<\/tr>\n<tr>\n<td>Tv\u00e4ttr\u00e5d<\/td>\n<td>Maskintv\u00e4tt i kallt vatten rekommenderas f\u00f6r att bevara tygets kvalitet.<\/td>\n<\/tr>\n<tr>\n<td>Torkning<\/td>\n<td>Torktumla p\u00e5 medelh\u00f6g temperatur.<\/td>\n<\/tr>\n<tr>\n<td>F\u00f6rvaring<\/td>\n<td>Denna hoodie finns tillg\u00e4nglig online via olika \u00e5terf\u00f6rs\u00e4ljare, vilket underl\u00e4ttar ink\u00f6p.<\/td>\n<\/tr>\n<\/tbody>\n<\/table>","protected":false},"excerpt":{"rendered":"<p>Ta en tripp fr\u00e5n gamla tider till nya dar med denna l\u00e5ng\u00e4rmade huvtr\u00f6jan\/hoodien som f\u00e5ngar moderna Malm\u00f6 i en retroinspirerad soluppg\u00e5ng En tjock, h\u00e5llbar och\u00a0slitstark Malm\u00f6-hoodie som kommer h\u00e5lla i m\u00e5nga \u00e5r fram\u00f6ver. Passar i princip alla vardagliga tillf\u00e4llen. Perfekt f\u00f6r Malm\u00f6-supportern, gammal som ung. Perfekt f\u00f6r: Vardagschill: Funkar lika bra med jeans, mjukis, shorts [&hellip;]<\/p>\n","protected":false},"featured_media":7591,"comment_status":"open","ping_status":"closed","template":"","meta":[],"product_brand":[],"product_cat":[51],"product_tag":[65,64,61,62],"class_list":{"0":"post-7592","1":"product","2":"type-product","3":"status-publish","4":"has-post-thumbnail","6":"product_cat-hoodies-trojor","7":"product_tag-malmo","8":"product_tag-oversized","9":"product_tag-retro","10":"product_tag-vintage","12":"first","13":"instock","14":"taxable","15":"shipping-taxable","16":"purchasable","17":"product-type-simple"},"_links":{"self":[{"href":"https:\/\/gripens.com\/en\/wp-json\/wp\/v2\/product\/7592","targetHints":{"allow":["GET"]}}],"collection":[{"href":"https:\/\/gripens.com\/en\/wp-json\/wp\/v2\/product"}],"about":[{"href":"https:\/\/gripens.com\/en\/wp-json\/wp\/v2\/types\/product"}],"replies":[{"embeddable":true,"href":"https:\/\/gripens.com\/en\/wp-json\/wp\/v2\/comments?post=7592"}],"wp:featuredmedia":[{"embeddable":true,"href":"https:\/\/gripens.com\/en\/wp-json\/wp\/v2\/media\/7591"}],"wp:attachment":[{"href":"https:\/\/gripens.com\/en\/wp-json\/wp\/v2\/media?parent=7592"}],"wp:term":[{"taxonomy":"product_brand","embeddable":true,"href":"https:\/\/gripens.com\/en\/wp-json\/wp\/v2\/product_brand?post=7592"},{"taxonomy":"product_cat","embeddable":true,"href":"https:\/\/gripens.com\/en\/wp-json\/wp\/v2\/product_cat?post=7592"},{"taxonomy":"product_tag","embeddable":true,"href":"https:\/\/gripens.com\/en\/wp-json\/wp\/v2\/product_tag?post=7592"}],"curies":[{"name":"wp","href":"https:\/\/api.w.org\/{rel}","templated":true}]}}