{"id":7594,"date":"2025-05-20T13:07:23","date_gmt":"2025-05-20T13:07:23","guid":{"rendered":"https:\/\/gripens.com\/produkt\/malmo-i-soluppgang-marinbla-t-shirt\/"},"modified":"2026-02-15T16:40:53","modified_gmt":"2026-02-15T16:40:53","slug":"malmo-i-soluppgang-marinbla-t-shirt","status":"publish","type":"product","link":"https:\/\/gripens.com\/en\/product\/malmo-i-soluppgang-marinbla-t-shirt\/","title":{"rendered":"Malm\u00f6 i Soluppg\u00e5ng \u2013 Marinbl\u00e5 T-shirt"},"content":{"rendered":"<div>Ta en tripp fr\u00e5n gamla tider till nya dar med denna bekv\u00e4ma och l\u00f6st sittande T-shirt som f\u00e5ngar moderna Malm\u00f6 i en retroinspirerad<br \/>\nsoluppg\u00e5ng.<\/div>\n<div>\n<p><\/p>\n<\/p>\n<p>Perfekt f\u00f6r Malm\u00f6-supportern, gammal som ung. <\/p>\n<h3>Perfekt f\u00f6r:<\/h3>\n<ul>\n<li><strong>Vardagschill:<\/strong> Funkar lika bra med jeans, mjukis, shorts eller bara som du \u00e4r.<\/li>\n<li><strong>Stads\u00e4ventyr:<\/strong> Perfekt f\u00f6r en \u00f6l p\u00e5 M\u00f6llan, en picknick i Pildammsparken, eller en redig sv\u00e4ng p\u00e5 stan.<\/li>\n<li><strong>Present:<\/strong> En klockren g\u00e5va till alla som \u00e4lskar Malm\u00f6.<\/li>\n<\/ul>\n<div>Passformen p\u00e5 T-shirten \u00e4r normal till n\u00e5got l\u00f6st sittande, i modernt stuk  med lite l\u00e4ngre \u00e4rmar.<\/div>\n<\/div>\n<ul>\n<li> Tillverkad av h\u00f6gkvalitativ bomull f\u00f6r en mjuk k\u00e4nsla<\/li>\n<li> Finns i marinbl\u00e5tt <\/li>\n<li> Har en klassisk rund halsringning och korta \u00e4rmar<\/li>\n<li> H\u00e5llbara s\u00f6mmar f\u00f6r l\u00e5ngvarig anv\u00e4ndning<\/li>\n<li> Milj\u00f6v\u00e4nliga och h\u00e5llbara material<\/li>\n<\/ul>\n<p><strong>Storleksguide<\/strong><\/p>\n<table>\n<tbody>\n<tr>\n<td>\u00a0<\/td>\n<td><strong>XS<\/strong><\/td>\n<td><strong>S<\/strong><\/td>\n<td><strong>M<\/strong><\/td>\n<td><strong>L<\/strong><\/td>\n<td><strong>XL<\/strong><\/td>\n<td><strong>XXL<\/strong><\/td>\n<td><strong>3XL<\/strong><\/td>\n<td><strong>4XL<\/strong><\/td>\n<td><strong>5XL<\/strong><\/td>\n<\/tr>\n<tr>\n<td><strong>A) L\u00e4ngd (cm)<\/strong><\/td>\n<td>68<\/td>\n<td>71<\/td>\n<td>73<\/td>\n<td>76<\/td>\n<td>78<\/td>\n<td>81<\/td>\n<td>83<\/td>\n<td>86<\/td>\n<td>88<\/td>\n<\/tr>\n<tr>\n<td><strong>B) Bredd (cm)<\/strong><\/td>\n<td>82<\/td>\n<td>92<\/td>\n<td>102<\/td>\n<td>112<\/td>\n<td>122<\/td>\n<td>132<\/td>\n<td>142<\/td>\n<td>152<\/td>\n<td>162<\/td>\n<\/tr>\n<tr>\n<td><strong>B) Halva br\u00f6stet (cm)<\/strong><\/td>\n<td>41<\/td>\n<td>46<\/td>\n<td>51<\/td>\n<td>56<\/td>\n<td>61<\/td>\n<td>66<\/td>\n<td>71<\/td>\n<td>76<\/td>\n<td>81<\/td>\n<\/tr>\n<\/tbody>\n<\/table>\n<table>\n<tbody>\n<tr>\n<td>\u00a0<\/td>\n<td><strong>XS<\/strong><\/td>\n<td><strong>S<\/strong><\/td>\n<td><strong>M<\/strong><\/td>\n<td><strong>L<\/strong><\/td>\n<td><strong>XL<\/strong><\/td>\n<td><strong>XXL<\/strong><\/td>\n<td><strong>3XL<\/strong><\/td>\n<td><strong>4XL<\/strong><\/td>\n<td><strong>5XL<\/strong><\/td>\n<\/tr>\n<tr>\n<td><strong>A) L\u00e4ngd (tum)<\/strong><\/td>\n<td>26.8<\/td>\n<td>28<\/td>\n<td>28.7<\/td>\n<td>29.9<\/td>\n<td>30.7<\/td>\n<td>31.9<\/td>\n<td>32.7<\/td>\n<td>33.9<\/td>\n<td>34.6<\/td>\n<\/tr>\n<tr>\n<td><strong>B) Bredd (tum)<\/strong><\/td>\n<td>32.3<\/td>\n<td>36.2<\/td>\n<td>40.2<\/td>\n<td>44.1<\/td>\n<td>48<\/td>\n<td>52<\/td>\n<td>55.9<\/td>\n<td>59.8<\/td>\n<td>63.8<\/td>\n<\/tr>\n<tr>\n<td><strong>B) Halva br\u00f6stet (tum)<\/strong><\/td>\n<td>16.1<\/td>\n<td>18.1<\/td>\n<td>20.1<\/td>\n<td>22<\/td>\n<td>24<\/td>\n<td>26<\/td>\n<td>28<\/td>\n<td>29.9<\/td>\n<td>31.9<\/td>\n<\/tr>\n<\/tbody>\n<\/table>\n<p><strong>Sk\u00f6tselr\u00e5d<\/strong><\/p>\n<table>\n<tbody>\n<tr>\n<td>Allm\u00e4nt<\/td>\n<td>Tr\u00f6jan \u00e4r en m\u00e5ngsidig, milj\u00f6medveten t-shirt perfekt f\u00f6r vardagsbruk.<\/td>\n<\/tr>\n<tr>\n<td>Tv\u00e4ttr\u00e5d<\/td>\n<td>Maskintv\u00e4tta kallt med liknande f\u00e4rger f\u00f6r att bibeh\u00e5lla tygets kvalitet och livfullhet.<\/td>\n<\/tr>\n<tr>\n<td>Torkning<\/td>\n<td>Torktumla p\u00e5 l\u00e5g v\u00e4rme eller h\u00e4ngtorka f\u00f6r att f\u00f6rhindra krympning och bibeh\u00e5lla t-shirtens form.<\/td>\n<\/tr>\n<tr>\n<td>F\u00f6rvaring<\/td>\n<td>F\u00f6r att h\u00e5lla T-shirten fr\u00e4sch och redo att anv\u00e4ndas, f\u00f6rvara den p\u00e5 en sval, torr plats.<\/td>\n<\/tr>\n<\/tbody>\n<\/table>\n<p><strong>Storleksguide<\/strong><\/p>\n<table>\n<tr>\n<td>\u00a0<\/td>\n<td><strong>XS<\/strong><\/td>\n<td><strong>S<\/strong><\/td>\n<td><strong>M<\/strong><\/td>\n<td><strong>L<\/strong><\/td>\n<td><strong>XL<\/strong><\/td>\n<td><strong>XXL<\/strong><\/td>\n<td><strong>3XL<\/strong><\/td>\n<td><strong>4XL<\/strong><\/td>\n<td><strong>5XL<\/strong><\/td>\n<\/tr>\n<tr>\n<td><strong>A) L\u00e4ngd (cm)<\/strong><\/td>\n<td>68<\/td>\n<td>71<\/td>\n<td>73<\/td>\n<td>76<\/td>\n<td>78<\/td>\n<td>81<\/td>\n<td>83<\/td>\n<td>86<\/td>\n<td>88<\/td>\n<\/tr>\n<tr>\n<td><strong>B) Bredd (cm)<\/strong><\/td>\n<td>82<\/td>\n<td>92<\/td>\n<td>102<\/td>\n<td>112<\/td>\n<td>122<\/td>\n<td>132<\/td>\n<td>142<\/td>\n<td>152<\/td>\n<td>162<\/td>\n<\/tr>\n<tr>\n<td><strong>B) Halva br\u00f6stet (cm)<\/strong><\/td>\n<td>41<\/td>\n<td>46<\/td>\n<td>51<\/td>\n<td>56<\/td>\n<td>61<\/td>\n<td>66<\/td>\n<td>71<\/td>\n<td>76<\/td>\n<td>81<\/td>\n<\/tr>\n<\/table>\n<table>\n<tr>\n<td>\u00a0<\/td>\n<td><strong>XS<\/strong><\/td>\n<td><strong>S<\/strong><\/td>\n<td><strong>M<\/strong><\/td>\n<td><strong>L<\/strong><\/td>\n<td><strong>XL<\/strong><\/td>\n<td><strong>XXL<\/strong><\/td>\n<td><strong>3XL<\/strong><\/td>\n<td><strong>4XL<\/strong><\/td>\n<td><strong>5XL<\/strong><\/td>\n<\/tr>\n<tr>\n<td><strong>A) L\u00e4ngd (tum)<\/strong><\/td>\n<td>26.8<\/td>\n<td>28<\/td>\n<td>28.7<\/td>\n<td>29.9<\/td>\n<td>30.7<\/td>\n<td>31.9<\/td>\n<td>32.7<\/td>\n<td>33.9<\/td>\n<td>34.6<\/td>\n<\/tr>\n<tr>\n<td><strong>B) Bredd (tum)<\/strong><\/td>\n<td>32.3<\/td>\n<td>36.2<\/td>\n<td>40.2<\/td>\n<td>44.1<\/td>\n<td>48<\/td>\n<td>52<\/td>\n<td>55.9<\/td>\n<td>59.8<\/td>\n<td>63.8<\/td>\n<\/tr>\n<tr>\n<td><strong>B) Halva br\u00f6stet (tum)<\/strong><\/td>\n<td>16.1<\/td>\n<td>18.1<\/td>\n<td>20.1<\/td>\n<td>22<\/td>\n<td>24<\/td>\n<td>26<\/td>\n<td>28<\/td>\n<td>29.9<\/td>\n<td>31.9<\/td>\n<\/tr>\n<\/table>\n<p><strong>Sk\u00f6tselr\u00e5d<\/strong><\/p>\n<table>\n<tr>\n<td>Allm\u00e4nt<\/td>\n<td>Tr\u00f6jan \u00e4r en m\u00e5ngsidig, milj\u00f6medveten t-shirt perfekt f\u00f6r vardagsbruk.<\/td>\n<\/tr>\n<tr>\n<td>Tv\u00e4ttr\u00e5d<\/td>\n<td>Maskintv\u00e4tta kallt med liknande f\u00e4rger f\u00f6r att bibeh\u00e5lla tygets kvalitet och livfullhet.<\/td>\n<\/tr>\n<tr>\n<td>Torkning<\/td>\n<td>Torktumla p\u00e5 l\u00e5g v\u00e4rme eller h\u00e4ngtorka f\u00f6r att f\u00f6rhindra krympning och bibeh\u00e5lla t-shirtens form.<\/td>\n<\/tr>\n<tr>\n<td>F\u00f6rvaring<\/td>\n<td>F\u00f6r att h\u00e5lla T-shirten fr\u00e4sch och redo att anv\u00e4ndas, f\u00f6rvara den p\u00e5 en sval, torr plats.<\/td>\n<\/tr>\n<\/table>","protected":false},"excerpt":{"rendered":"<p>Ta en tripp fr\u00e5n gamla tider till nya dar med denna bekv\u00e4ma och l\u00f6st sittande T-shirt som f\u00e5ngar moderna Malm\u00f6 i en retroinspirerad soluppg\u00e5ng. Perfekt f\u00f6r Malm\u00f6-supportern, gammal som ung. Perfekt f\u00f6r: Vardagschill: Funkar lika bra med jeans, mjukis, shorts eller bara som du \u00e4r. Stads\u00e4ventyr: Perfekt f\u00f6r en \u00f6l p\u00e5 M\u00f6llan, en picknick i [&hellip;]<\/p>\n","protected":false},"featured_media":7593,"comment_status":"open","ping_status":"closed","template":"","meta":[],"product_brand":[],"product_cat":[46],"product_tag":[65,63,61],"class_list":{"0":"post-7594","1":"product","2":"type-product","3":"status-publish","4":"has-post-thumbnail","6":"product_cat-t-shirts","7":"product_tag-malmo","8":"product_tag-modern","9":"product_tag-retro","11":"first","12":"instock","13":"taxable","14":"shipping-taxable","15":"purchasable","16":"product-type-variable"},"_links":{"self":[{"href":"https:\/\/gripens.com\/en\/wp-json\/wp\/v2\/product\/7594","targetHints":{"allow":["GET"]}}],"collection":[{"href":"https:\/\/gripens.com\/en\/wp-json\/wp\/v2\/product"}],"about":[{"href":"https:\/\/gripens.com\/en\/wp-json\/wp\/v2\/types\/product"}],"replies":[{"embeddable":true,"href":"https:\/\/gripens.com\/en\/wp-json\/wp\/v2\/comments?post=7594"}],"wp:featuredmedia":[{"embeddable":true,"href":"https:\/\/gripens.com\/en\/wp-json\/wp\/v2\/media\/7593"}],"wp:attachment":[{"href":"https:\/\/gripens.com\/en\/wp-json\/wp\/v2\/media?parent=7594"}],"wp:term":[{"taxonomy":"product_brand","embeddable":true,"href":"https:\/\/gripens.com\/en\/wp-json\/wp\/v2\/product_brand?post=7594"},{"taxonomy":"product_cat","embeddable":true,"href":"https:\/\/gripens.com\/en\/wp-json\/wp\/v2\/product_cat?post=7594"},{"taxonomy":"product_tag","embeddable":true,"href":"https:\/\/gripens.com\/en\/wp-json\/wp\/v2\/product_tag?post=7594"}],"curies":[{"name":"wp","href":"https:\/\/api.w.org\/{rel}","templated":true}]}}