{"id":7640,"date":"2025-05-20T17:47:14","date_gmt":"2025-05-20T17:47:14","guid":{"rendered":"https:\/\/gripens.com\/produkt\/gripens-kompani-broderad-grip-ljusbla-pappakeps-vintage\/"},"modified":"2026-05-12T21:54:27","modified_gmt":"2026-05-12T21:54:27","slug":"gripens-kompani-broderad-grip-ljusbla-pappakeps-vintage","status":"publish","type":"product","link":"https:\/\/gripens.com\/en\/product\/gripens-kompani-broderad-grip-ljusbla-pappakeps-vintage\/","title":{"rendered":"Gripens Kompani Broderad Grip &#8211; Ljusbl\u00e5 Pappakeps Vintage"},"content":{"rendered":"<p>V\u00e5r pappakeps i vintagestil \u00e4r en snygg, avslappnad, och bekv\u00e4m ljusbl\u00e5 keps tillverkad av 100% borstad, tv\u00e4ttad bomull med en broderad Gripens Kompani-grip i vitt.<\/p>\n<p><\/p>\n<p>Kepsen har l\u00e5g profil och \u00f6verdel utan struktur, vilket g\u00f6r den till en perfekt accessoar till allt fr\u00e5n vardagschill, och beach-h\u00e4ng till utg\u00e5ng och picknick.\u00a0<\/p>\n<p><\/p>\n<p>Kepsen har \u00e4ven sydda ventilations\u00f6ppningar, ett band i samma tyg med sp\u00e4nne i m\u00e4ssingstil samt en f\u00f6r-b\u00f6jd sk\u00e4rm.<\/p>\n<p><strong>Sk\u00f6tselr\u00e5d<\/strong><\/p>\n<table>\n<tr>\n<td>Allm\u00e4nt<\/td>\n<td>\n<p>Undvik l\u00e5ngvarig exponering f\u00f6r direkt solljus f\u00f6r att bibeh\u00e5lla form och f\u00e4rg.<\/p>\n<\/td>\n<\/tr>\n<tr>\n<td>Tv\u00e4ttr\u00e5d<\/td>\n<td>\n<p>Handtv\u00e4tta f\u00f6rsiktigt i kallt vatten med milt tv\u00e4ttmedel.<\/p>\n<\/td>\n<\/tr>\n<tr>\n<td>Torkning<\/td>\n<td>\n<p>L\u00e5t torka plant, undvik att anv\u00e4nda torktumlare.<\/p>\n<\/td>\n<\/tr>\n<tr>\n<td>F\u00f6rvaring<\/td>\n<td>\n<p>F\u00f6rvara svalt, torrt och skyddad fr\u00e5n solljus.<\/p>\n<\/td>\n<\/tr>\n<\/table>","protected":false},"excerpt":{"rendered":"<p>V\u00e5r pappakeps i vintagestil \u00e4r en snygg, avslappnad, och bekv\u00e4m ljusbl\u00e5 keps tillverkad av 100% borstad, tv\u00e4ttad bomull med en broderad Gripens Kompani-grip i vitt. Kepsen har l\u00e5g profil och \u00f6verdel utan struktur, vilket g\u00f6r den till en perfekt accessoar till allt fr\u00e5n vardagschill, och beach-h\u00e4ng till utg\u00e5ng och picknick.\u00a0 Kepsen har \u00e4ven sydda ventilations\u00f6ppningar, [&hellip;]<\/p>\n","protected":false},"featured_media":7639,"comment_status":"open","ping_status":"closed","template":"","meta":[],"product_brand":[],"product_cat":[60],"product_tag":[62],"class_list":{"0":"post-7640","1":"product","2":"type-product","3":"status-publish","4":"has-post-thumbnail","6":"product_cat-kepsar-mossor","7":"product_tag-vintage","9":"first","10":"instock","11":"taxable","12":"shipping-taxable","13":"purchasable","14":"product-type-simple"},"_links":{"self":[{"href":"https:\/\/gripens.com\/en\/wp-json\/wp\/v2\/product\/7640","targetHints":{"allow":["GET"]}}],"collection":[{"href":"https:\/\/gripens.com\/en\/wp-json\/wp\/v2\/product"}],"about":[{"href":"https:\/\/gripens.com\/en\/wp-json\/wp\/v2\/types\/product"}],"replies":[{"embeddable":true,"href":"https:\/\/gripens.com\/en\/wp-json\/wp\/v2\/comments?post=7640"}],"wp:featuredmedia":[{"embeddable":true,"href":"https:\/\/gripens.com\/en\/wp-json\/wp\/v2\/media\/7639"}],"wp:attachment":[{"href":"https:\/\/gripens.com\/en\/wp-json\/wp\/v2\/media?parent=7640"}],"wp:term":[{"taxonomy":"product_brand","embeddable":true,"href":"https:\/\/gripens.com\/en\/wp-json\/wp\/v2\/product_brand?post=7640"},{"taxonomy":"product_cat","embeddable":true,"href":"https:\/\/gripens.com\/en\/wp-json\/wp\/v2\/product_cat?post=7640"},{"taxonomy":"product_tag","embeddable":true,"href":"https:\/\/gripens.com\/en\/wp-json\/wp\/v2\/product_tag?post=7640"}],"curies":[{"name":"wp","href":"https:\/\/api.w.org\/{rel}","templated":true}]}}