{"id":7651,"date":"2025-06-02T14:03:22","date_gmt":"2025-06-02T14:03:22","guid":{"rendered":"https:\/\/gripens.com\/produkt\/hoods-of-malmo-poster-minimalistisk-plansch-med-malmos-stadsdelar-omraden\/"},"modified":"2026-05-13T05:01:59","modified_gmt":"2026-05-13T05:01:59","slug":"hoods-of-malmo-poster-minimalistisk-plansch-med-malmos-stadsdelar-omraden","status":"publish","type":"product","link":"https:\/\/gripens.com\/en\/product\/hoods-of-malmo-poster-minimalistisk-plansch-med-malmos-stadsdelar-omraden\/","title":{"rendered":"Hoods of Malm\u00f6 Poster \u2013 Minimalistisk plansch med Malm\u00f6s stadsdelar\/omr\u00e5den"},"content":{"rendered":"<p>Visa din k\u00e4rlek till Malm\u00f6 med <em>Hoods of Malm\u00f6<\/em> \u2013 en stilren poster som f\u00e5ngar stadens sj\u00e4l, ett omr\u00e5de i taget. Den h\u00e4r planschen visar hela Malm\u00f6, uppdelat enligt hur vi <strong>faktiskt<\/strong> snackar om staden \u2013 fr\u00e5n Limhamn till Roseng\u00e5rd, fr\u00e5n M\u00f6llev\u00e5ngen till Kirseberg \u2013 med en modern, grafitti-inspirerad design i sann Malm\u00f6it-anda.<\/p>\n<p><\/p>\n<p>Designen f\u00f6ljer de <strong>riktiga omr\u00e5desgr\u00e4nserna<\/strong> vi malm\u00f6iter sj\u00e4lva anv\u00e4nder, inte n\u00e5gon kommunal byr\u00e5kratikarta. Perfekt f\u00f6r dig som har hj\u00e4rtat i staden \u2013 oavsett om du \u00e4r f\u00f6dd p\u00e5 V\u00e4rnhem, flyttat till Ribban eller bara m\u00e5ste ha Sk\u00e5nes huvudstad p\u00e5 v\u00e4ggen.<\/p>\n<p><\/p>\n<p><strong>Produktdetaljer:<\/strong><\/p>\n<ul>\n<li>\n<p>Tryckt p\u00e5 exklusivt, tjockt 200 gsm papper med lyxig matt finish<\/p>\n<\/li>\n<li>\n<p>Ytan \u00e4r len och obestruken \u2013 inga blanka reflektioner<\/p>\n<\/li>\n<li>\n<p>FSC-certifierat papper f\u00f6r ett h\u00e5llbart val<\/p>\n<\/li>\n<li>\n<p>Finns i 29 olika storlekar \u2013 fr\u00e5n liten g\u00e5va till statement piece<\/p>\n<\/li>\n<li>\n<p>Levereras tryggt i skyddande f\u00f6rpackning<\/p>\n<\/li>\n<li>\n<p>Trycks och skickas p\u00e5 best\u00e4llning \u2013 ingen massproduktion<\/p>\n<\/li>\n<\/ul>","protected":false},"excerpt":{"rendered":"<p>Visa din k\u00e4rlek till Malm\u00f6 med Hoods of Malm\u00f6 \u2013 en stilren poster som f\u00e5ngar stadens sj\u00e4l, ett omr\u00e5de i taget. Den h\u00e4r planschen visar hela Malm\u00f6, uppdelat enligt hur vi faktiskt snackar om staden \u2013 fr\u00e5n Limhamn till Roseng\u00e5rd, fr\u00e5n M\u00f6llev\u00e5ngen till Kirseberg \u2013 med en modern, grafitti-inspirerad design i sann Malm\u00f6it-anda. Designen f\u00f6ljer [&hellip;]<\/p>\n","protected":false},"featured_media":7652,"comment_status":"open","ping_status":"closed","template":"","meta":[],"product_brand":[],"product_cat":[58],"product_tag":[65],"class_list":{"0":"post-7651","1":"product","2":"type-product","3":"status-publish","4":"has-post-thumbnail","6":"product_cat-posters-tavlor","7":"product_tag-malmo","9":"first","10":"instock","11":"taxable","12":"shipping-taxable","13":"purchasable","14":"product-type-simple"},"_links":{"self":[{"href":"https:\/\/gripens.com\/en\/wp-json\/wp\/v2\/product\/7651","targetHints":{"allow":["GET"]}}],"collection":[{"href":"https:\/\/gripens.com\/en\/wp-json\/wp\/v2\/product"}],"about":[{"href":"https:\/\/gripens.com\/en\/wp-json\/wp\/v2\/types\/product"}],"replies":[{"embeddable":true,"href":"https:\/\/gripens.com\/en\/wp-json\/wp\/v2\/comments?post=7651"}],"wp:featuredmedia":[{"embeddable":true,"href":"https:\/\/gripens.com\/en\/wp-json\/wp\/v2\/media\/7652"}],"wp:attachment":[{"href":"https:\/\/gripens.com\/en\/wp-json\/wp\/v2\/media?parent=7651"}],"wp:term":[{"taxonomy":"product_brand","embeddable":true,"href":"https:\/\/gripens.com\/en\/wp-json\/wp\/v2\/product_brand?post=7651"},{"taxonomy":"product_cat","embeddable":true,"href":"https:\/\/gripens.com\/en\/wp-json\/wp\/v2\/product_cat?post=7651"},{"taxonomy":"product_tag","embeddable":true,"href":"https:\/\/gripens.com\/en\/wp-json\/wp\/v2\/product_tag?post=7651"}],"curies":[{"name":"wp","href":"https:\/\/api.w.org\/{rel}","templated":true}]}}